{"id":217,"date":"2022-01-14T08:47:18","date_gmt":"2022-01-14T11:47:18","guid":{"rendered":"https:\/\/essencialdigital.com\/nabicosmeticos\/?post_type=product&#038;p=217"},"modified":"2022-01-14T08:48:10","modified_gmt":"2022-01-14T11:48:10","slug":"a2-shampoo-reconstrutor-1l","status":"publish","type":"product","link":"https:\/\/essencialdigital.com\/nabicosmeticos\/index.php\/produto\/a2-shampoo-reconstrutor-1l\/","title":{"rendered":"A2- Shampoo Reconstrutor 1l"},"content":{"rendered":"<p>Linha Bella Professional Keratin Complex \u2013 Shampoo Reconstrutor 1l<\/p>\n<p>Enriquecido com \u00d3leo de Oliva, Queratina e D-Patenol<br \/>\npH 4,5<br \/>\nPASSO 2<br \/>\nO Shampoo Reconstrutor da Linha Keratin, como seu pr\u00f3prio nome j\u00e1 diz \u00e9 um shampoo de reconstru\u00e7\u00e3o capilar. Formulado a partir do complexo de prote\u00edna hidrolisada de queratina, \u00f3leo de oliva e vitaminas, essas prote\u00ednas hidrolisadas formadas por v\u00e1rios amino\u00e1cidos conferem substantividade, ou seja, agem por mais tempo, proporcionando um efeito mais prolongado, ao cabelo doando toque suave e brilho diferenciado, protege tamb\u00e9m contra o ressecamento e irrita\u00e7\u00e3o causada pelos tesoativos, promove um filme homog\u00eaneo e protetor que auxilia na hidrata\u00e7\u00e3o e umidade natural do cabelo, protege contra altas umidades e forma\u00e7\u00e3o de frizz. A queratina hidrolisada possui afinidade pelo cabelo. Por ser de origem natural penetra nas camadas mais superficiais do cabelo aumentando a elasticidade, maleabilidade, hidrata\u00e7\u00e3o e restaura\u00e7\u00e3o dos fios.<br \/>\nModo de usar: Siga as instru\u00e7\u00f5es do manual Passo a Passo.<br \/>\nOrienta\u00e7\u00f5es ao Consumidor: Uso externo. Evite o contato com os olhos. Caso isso aconte\u00e7a, enx\u00e1g\u00fce com \u00e1gua em abund\u00e2ncia. Mantenha<br \/>\nfora do alcance das crian\u00e7as. Havendo irrita\u00e7\u00e3o, suspenda o uso. Conservar em lugar fresco, ao abrigo de luz.<\/p>\n<p>1\u00b0\u00a0\u2013 Shampoo Anti Res\u00edduio 1l<br \/>\n2\u00b0 \u2013 <strong>Shampoo Reconstrutor 1l<\/strong><br \/>\n3\u00b0 \u2013 Fluido Super Reconstrutor 300ml<br \/>\n4\u00b0 \u2013 Defrizante Modelador Capilar 1l<br \/>\n5\u00b0 \u2013 M\u00e1scara Capilar Profunda 1kg<\/p>\n<!--themify_builder_content-->\n<div id=\"themify_builder_content-217\" data-postid=\"217\" class=\"themify_builder_content themify_builder_content-217 themify_builder tf_clear\">\n    <\/div>\n<!--\/themify_builder_content-->\n<!-- AddThis Advanced Settings generic via filter on the_content --><!-- AddThis Share Buttons generic via filter on the_content -->","protected":false},"excerpt":{"rendered":"<p>Mais sa\u00fade e beleza para os seus cabelos.\u00a0Al\u00e9m da queratina, \u00e9 formulada com um novo elemento nobre: o \u00f3leo de oliva, que confere aos cabelos resultados ainda melhores.<!-- AddThis Advanced Settings generic via filter on get_the_excerpt --><!-- AddThis Share Buttons generic via filter on get_the_excerpt --><\/p>\n","protected":false},"featured_media":258,"comment_status":"open","ping_status":"closed","template":"","meta":[],"product_cat":[39],"product_tag":[],"builder_content":"","_links":{"self":[{"href":"https:\/\/essencialdigital.com\/nabicosmeticos\/index.php\/wp-json\/wp\/v2\/product\/217"}],"collection":[{"href":"https:\/\/essencialdigital.com\/nabicosmeticos\/index.php\/wp-json\/wp\/v2\/product"}],"about":[{"href":"https:\/\/essencialdigital.com\/nabicosmeticos\/index.php\/wp-json\/wp\/v2\/types\/product"}],"replies":[{"embeddable":true,"href":"https:\/\/essencialdigital.com\/nabicosmeticos\/index.php\/wp-json\/wp\/v2\/comments?post=217"}],"wp:featuredmedia":[{"embeddable":true,"href":"https:\/\/essencialdigital.com\/nabicosmeticos\/index.php\/wp-json\/wp\/v2\/media\/258"}],"wp:attachment":[{"href":"https:\/\/essencialdigital.com\/nabicosmeticos\/index.php\/wp-json\/wp\/v2\/media?parent=217"}],"wp:term":[{"taxonomy":"product_cat","embeddable":true,"href":"https:\/\/essencialdigital.com\/nabicosmeticos\/index.php\/wp-json\/wp\/v2\/product_cat?post=217"},{"taxonomy":"product_tag","embeddable":true,"href":"https:\/\/essencialdigital.com\/nabicosmeticos\/index.php\/wp-json\/wp\/v2\/product_tag?post=217"}],"curies":[{"name":"wp","href":"https:\/\/api.w.org\/{rel}","templated":true}]}}