{"id":218,"date":"2022-01-14T08:47:19","date_gmt":"2022-01-14T11:47:19","guid":{"rendered":"https:\/\/essencialdigital.com\/nabicosmeticos\/?post_type=product&#038;p=218"},"modified":"2022-01-14T08:48:11","modified_gmt":"2022-01-14T11:48:11","slug":"a1-shampoo-anti-residuio-1l","status":"publish","type":"product","link":"https:\/\/essencialdigital.com\/nabicosmeticos\/index.php\/produto\/a1-shampoo-anti-residuio-1l\/","title":{"rendered":"A1- Shampoo Anti Res\u00edduio 1L"},"content":{"rendered":"<p>Linha Bella Professional Keratin Complex \u2013 Shampoo Anti Res\u00edduio 1L<\/p>\n<p>Mais sa\u00fade e beleza para os seus cabelos.&nbsp;Al\u00e9m da queratina, \u00e9 formulada com um novo elemento nobre: o \u00f3leo de oliva, que confere aos cabelos resultados ainda melhores.<\/p>\n<p>1\u00b0&nbsp;\u2013 <strong>Shampoo Anti Res\u00edduio 1l<\/strong><br \/>\n2\u00b0 \u2013 Shampoo Reconstrutor 1l<br \/>\n3\u00b0 \u2013 Fluido Super Reconstrutor 300ml<br \/>\n4\u00b0 \u2013 Defrizante Modelador Capilar 1l<br \/>\n5\u00b0 \u2013 M\u00e1scara Capilar Profunda 1kg<\/p>\n<!--themify_builder_content-->\n<div id=\"themify_builder_content-218\" data-postid=\"218\" class=\"themify_builder_content themify_builder_content-218 themify_builder tf_clear\">\n    <\/div>\n<!--\/themify_builder_content-->\n<!-- AddThis Advanced Settings generic via filter on the_content --><!-- AddThis Share Buttons generic via filter on the_content -->","protected":false},"excerpt":{"rendered":"<p>Mais sa\u00fade e beleza para os seus cabelos.\u00a0Al\u00e9m da queratina, \u00e9 formulada com um novo elemento nobre: o \u00f3leo de oliva, que confere aos cabelos resultados ainda melhores.<!-- AddThis Advanced Settings generic via filter on get_the_excerpt --><!-- AddThis Share Buttons generic via filter on get_the_excerpt --><\/p>\n","protected":false},"featured_media":259,"comment_status":"open","ping_status":"closed","template":"","meta":[],"product_cat":[39],"product_tag":[],"builder_content":"","_links":{"self":[{"href":"https:\/\/essencialdigital.com\/nabicosmeticos\/index.php\/wp-json\/wp\/v2\/product\/218"}],"collection":[{"href":"https:\/\/essencialdigital.com\/nabicosmeticos\/index.php\/wp-json\/wp\/v2\/product"}],"about":[{"href":"https:\/\/essencialdigital.com\/nabicosmeticos\/index.php\/wp-json\/wp\/v2\/types\/product"}],"replies":[{"embeddable":true,"href":"https:\/\/essencialdigital.com\/nabicosmeticos\/index.php\/wp-json\/wp\/v2\/comments?post=218"}],"wp:featuredmedia":[{"embeddable":true,"href":"https:\/\/essencialdigital.com\/nabicosmeticos\/index.php\/wp-json\/wp\/v2\/media\/259"}],"wp:attachment":[{"href":"https:\/\/essencialdigital.com\/nabicosmeticos\/index.php\/wp-json\/wp\/v2\/media?parent=218"}],"wp:term":[{"taxonomy":"product_cat","embeddable":true,"href":"https:\/\/essencialdigital.com\/nabicosmeticos\/index.php\/wp-json\/wp\/v2\/product_cat?post=218"},{"taxonomy":"product_tag","embeddable":true,"href":"https:\/\/essencialdigital.com\/nabicosmeticos\/index.php\/wp-json\/wp\/v2\/product_tag?post=218"}],"curies":[{"name":"wp","href":"https:\/\/api.w.org\/{rel}","templated":true}]}}