{"id":232,"date":"2022-01-14T08:47:39","date_gmt":"2022-01-14T11:47:39","guid":{"rendered":"https:\/\/essencialdigital.com\/nabicosmeticos\/?post_type=product&#038;p=232"},"modified":"2022-01-14T08:48:13","modified_gmt":"2022-01-14T11:48:13","slug":"b4-hidratacao-capilar-500g","status":"publish","type":"product","link":"https:\/\/essencialdigital.com\/nabicosmeticos\/index.php\/produto\/b4-hidratacao-capilar-500g\/","title":{"rendered":"B4- Hidrata\u00e7\u00e3o Capilar 500g"},"content":{"rendered":"<p>Linha Keratin Manuten\u00e7\u00e3o &#8211;\u00a0Hidrata\u00e7\u00e3o Capilar 500g<\/p>\n<p>Um tratamento com keratinCoplex deixa o cabelo menos suscept\u00edvel aos efeitos de uma alta umidade relativa melhorando a maleabilidade e a manuten\u00e7\u00e3o do penteado podendo reduzir o frizz induzido pela umidade e prolongar o efeito da escova.<br \/>\nA hidrata\u00e7\u00e3o Keratin complex Possui nanoparticula de queratina natural que penetra nos fios dos cabelos proporcionando restaura\u00e7\u00e3o, maleabilidade, hidrata\u00e7\u00e3o, condicionamento e brilho. Reduz danos causados por tratamentos qu\u00edmicos (alisamentos, tinturas, e descolorantes) e danos causados por tratamentos f\u00edsicos (chapinhas monoqueratiniza\u00e7\u00e3o, e escovas progressivas). Al\u00e9m de prevenir a forma\u00e7\u00e3o de pontas duplas, prote\u00e7\u00e3o da cut\u00edcula e promoverbrilho intenso.<br \/>\nIndica\u00e7\u00e3o:<br \/>\nPara todo tipo de cabelo<br \/>\nPara tratamento capilar e manuten\u00e7\u00e3o p\u00f3s procedimentos qu\u00edmicos e f\u00edsicos<br \/>\nPara redu\u00e7\u00e3o de volume faz uma hidrata\u00e7\u00e3o a cada 15 dias com escova e piastra<br \/>\nPara tratamento de choque<br \/>\nQuando se vai hidratar o cabelo n\u00e3o \u00e9 necess\u00e1rio o uso do condicionador, a pr\u00f3pria hidrata\u00e7\u00e3o j\u00e1 fecha cut\u00edcula e hidrata ao mesmo tempo, a diferen\u00e7a do condicionador para a hidrata\u00e7\u00e3o \u00e9 que na hidrata\u00e7\u00e3o geralmente se adiciona ativos para finalidade desejada.<br \/>\nNo condicionador tamb\u00e9m pode se adicionar ativos, mas quando se adiciona ativo no condicionador encarece e o consumidor n\u00e3o quer pagar mais caro por isso. O consumidor j\u00e1 tem o conceito de que o condicionador n\u00e3o hidrata, s\u00f3 fecha cut\u00edcula, e a hidrata\u00e7\u00e3o n\u00e3o fecha cut\u00edcula, s\u00f3 hidrata. (Isso n\u00e3o \u00e9 verdade depende como \u00e9 feito e o que se coloca em ambos).<br \/>\nTodos os condicionadores da Nabi Cosm\u00e9ticos al\u00e9m de fechar cut\u00edculas que \u00e9 uma fun\u00e7\u00e3o b\u00e1sica de um condicionador, tamb\u00e9m hidratam e promovem brilho porque possuem subst\u00e2ncias respons\u00e1veis pela hidrata\u00e7\u00e3o. Quando n\u00e3o tem ativos propriamente ditos possuem extratos vegetais ricos em subst\u00e2ncias com fun\u00e7\u00f5es espec\u00edficas para cada tipo e finalidade desejada.<\/p>\n<p>1\u00b0 &#8211; Shampoo Anti Res\u00edduo 300ml<br \/>\n2\u00b0 &#8211;\u00a0Shampoo 2 em 1 300ml<br \/>\n3\u00b0 &#8211;\u00a0Defrizante 300ml<br \/>\n<strong>4\u00b0 &#8211; Hidrata\u00e7\u00e3o Capilar 500g<\/strong><\/p>\n<!--themify_builder_content-->\n<div id=\"themify_builder_content-232\" data-postid=\"232\" class=\"themify_builder_content themify_builder_content-232 themify_builder tf_clear\">\n    <\/div>\n<!--\/themify_builder_content-->\n<!-- AddThis Advanced Settings generic via filter on the_content --><!-- AddThis Share Buttons generic via filter on the_content -->","protected":false},"excerpt":{"rendered":"<p>Hidrata\u00e7\u00e3o Capilar 500g<br \/>\nPara quem deseja continuar a ficar mais Bella a cada dia.<!-- AddThis Advanced Settings generic via filter on get_the_excerpt --><!-- AddThis Share Buttons generic via filter on get_the_excerpt --><\/p>\n","protected":false},"featured_media":260,"comment_status":"open","ping_status":"closed","template":"","meta":[],"product_cat":[38],"product_tag":[],"builder_content":"","_links":{"self":[{"href":"https:\/\/essencialdigital.com\/nabicosmeticos\/index.php\/wp-json\/wp\/v2\/product\/232"}],"collection":[{"href":"https:\/\/essencialdigital.com\/nabicosmeticos\/index.php\/wp-json\/wp\/v2\/product"}],"about":[{"href":"https:\/\/essencialdigital.com\/nabicosmeticos\/index.php\/wp-json\/wp\/v2\/types\/product"}],"replies":[{"embeddable":true,"href":"https:\/\/essencialdigital.com\/nabicosmeticos\/index.php\/wp-json\/wp\/v2\/comments?post=232"}],"wp:featuredmedia":[{"embeddable":true,"href":"https:\/\/essencialdigital.com\/nabicosmeticos\/index.php\/wp-json\/wp\/v2\/media\/260"}],"wp:attachment":[{"href":"https:\/\/essencialdigital.com\/nabicosmeticos\/index.php\/wp-json\/wp\/v2\/media?parent=232"}],"wp:term":[{"taxonomy":"product_cat","embeddable":true,"href":"https:\/\/essencialdigital.com\/nabicosmeticos\/index.php\/wp-json\/wp\/v2\/product_cat?post=232"},{"taxonomy":"product_tag","embeddable":true,"href":"https:\/\/essencialdigital.com\/nabicosmeticos\/index.php\/wp-json\/wp\/v2\/product_tag?post=232"}],"curies":[{"name":"wp","href":"https:\/\/api.w.org\/{rel}","templated":true}]}}