{"id":233,"date":"2022-01-14T08:47:40","date_gmt":"2022-01-14T11:47:40","guid":{"rendered":"https:\/\/essencialdigital.com\/nabicosmeticos\/?post_type=product&#038;p=233"},"modified":"2022-01-14T08:48:15","modified_gmt":"2022-01-14T11:48:15","slug":"b3-defrizante-300ml","status":"publish","type":"product","link":"https:\/\/essencialdigital.com\/nabicosmeticos\/index.php\/produto\/b3-defrizante-300ml\/","title":{"rendered":"B3- Defrizante 300ml"},"content":{"rendered":"<p>Linha Keratin Manuten\u00e7\u00e3o &#8211;\u00a0Defrizante 300ml<br \/>\nPara quem deseja continuar a ficar mais Bella a cada dia.<\/p>\n<p>Com a\u00e7\u00e3o termo ativado e antifrizz<br \/>\npH 4,0<br \/>\nPASSO 4<br \/>\nDefrizante e modelador capilar Nabi \u00e9 um finalizador capilarde a\u00e7\u00e3o termo ativo que foi desenvolvido para completar o efeito dos demais produtos da linha de queratiniza\u00e7\u00e3o, al\u00e9m de proporcionar condicionamento intensivo, hidrata\u00e7\u00e3o prolongada, brilho e manuten\u00e7\u00e3o, restaura os fios de forma seletiva, por possuir em sua formula\u00e7\u00e3o o silicone de repara\u00e7\u00e3o inteligente que quando aplicado no cabelo e aquecido, ele penetra nas cut\u00edculas onde necessitam de repara\u00e7\u00e3o promovendo brilho duradouro. Formulada com o \u00f3leo de oliva, fonte de Omega-3, que possui propriedades protetoras do couro cabeludo de poss\u00edvel irrita\u00e7\u00e3o, a\u00e7\u00e3o de repara\u00e7\u00e3o dos fios ap\u00f3s a\u00e7\u00e3o externa natural e de procedimentos qu\u00edmicos, pelocomplexo de prote\u00ednas hidrolisadas de queratina, de origem natural, que possui afinidade pelo cabelo facilitando a penetra\u00e7\u00e3o no fio capilar, proporcionando restaura\u00e7\u00e3o, maleabilidade, hidrata\u00e7\u00e3o e condicionamento. Reduz o frizz e combate as pontas duplas. Protege seus cabelos da a\u00e7\u00e3o t\u00e9rmica provocada por escovas, chapinhas ou babyliss.<br \/>\nModo de usar: Siga as instru\u00e7\u00f5es do manual Passo a Passo.<br \/>\nOrienta\u00e7\u00f5es ao Consumidor: Uso externo. Evite o contato com os olhos. Caso isso aconte\u00e7a, enx\u00e1g\u00fce com \u00e1gua em abund\u00e2ncia. Mantenha fora do alcance das crian\u00e7as. Havendo irrita\u00e7\u00e3o, suspenda o uso. Conservar em lugar fresco, ao abrigo de luz<\/p>\n<p>1\u00b0 &#8211; Shampoo Anti Res\u00edduo 300ml<br \/>\n2\u00b0 &#8211;\u00a0Shampoo 2 em 1 300ml<br \/>\n3\u00b0 &#8211;\u00a0<strong>Defrizante 300ml<\/strong><br \/>\n4\u00b0 &#8211; Hidrata\u00e7\u00e3o Capilar 500g<\/p>\n<!--themify_builder_content-->\n<div id=\"themify_builder_content-233\" data-postid=\"233\" class=\"themify_builder_content themify_builder_content-233 themify_builder tf_clear\">\n    <\/div>\n<!--\/themify_builder_content-->\n<!-- AddThis Advanced Settings generic via filter on the_content --><!-- AddThis Share Buttons generic via filter on the_content -->","protected":false},"excerpt":{"rendered":"<p>Para quem deseja continuar a ficar mais Bella a cada dia.<!-- AddThis Advanced Settings generic via filter on get_the_excerpt --><!-- AddThis Share Buttons generic via filter on get_the_excerpt --><\/p>\n","protected":false},"featured_media":261,"comment_status":"open","ping_status":"closed","template":"","meta":[],"product_cat":[38],"product_tag":[],"builder_content":"","_links":{"self":[{"href":"https:\/\/essencialdigital.com\/nabicosmeticos\/index.php\/wp-json\/wp\/v2\/product\/233"}],"collection":[{"href":"https:\/\/essencialdigital.com\/nabicosmeticos\/index.php\/wp-json\/wp\/v2\/product"}],"about":[{"href":"https:\/\/essencialdigital.com\/nabicosmeticos\/index.php\/wp-json\/wp\/v2\/types\/product"}],"replies":[{"embeddable":true,"href":"https:\/\/essencialdigital.com\/nabicosmeticos\/index.php\/wp-json\/wp\/v2\/comments?post=233"}],"wp:featuredmedia":[{"embeddable":true,"href":"https:\/\/essencialdigital.com\/nabicosmeticos\/index.php\/wp-json\/wp\/v2\/media\/261"}],"wp:attachment":[{"href":"https:\/\/essencialdigital.com\/nabicosmeticos\/index.php\/wp-json\/wp\/v2\/media?parent=233"}],"wp:term":[{"taxonomy":"product_cat","embeddable":true,"href":"https:\/\/essencialdigital.com\/nabicosmeticos\/index.php\/wp-json\/wp\/v2\/product_cat?post=233"},{"taxonomy":"product_tag","embeddable":true,"href":"https:\/\/essencialdigital.com\/nabicosmeticos\/index.php\/wp-json\/wp\/v2\/product_tag?post=233"}],"curies":[{"name":"wp","href":"https:\/\/api.w.org\/{rel}","templated":true}]}}