{"id":234,"date":"2022-01-14T08:47:40","date_gmt":"2022-01-14T11:47:40","guid":{"rendered":"https:\/\/essencialdigital.com\/nabicosmeticos\/?post_type=product&#038;p=234"},"modified":"2022-01-14T08:48:16","modified_gmt":"2022-01-14T11:48:16","slug":"b2-shampoo-2-em-1-300ml","status":"publish","type":"product","link":"https:\/\/essencialdigital.com\/nabicosmeticos\/index.php\/produto\/b2-shampoo-2-em-1-300ml\/","title":{"rendered":"B2- Shampoo 2 em 1 300ml"},"content":{"rendered":"<p><strong>Linha\u00a0 bela\u00a0 profissional -Manuten\u00e7\u00e3o <\/strong><\/p>\n<p><strong>Shampoo 2 em 1 300ml- linha keratin<\/strong><\/p>\n<p><strong>Enriquecido com \u00f3leo de oliva, Queratina, e D-pantenol<\/strong><\/p>\n<p>Enriquecido com \u00d3leo de Oliva, Queratina e D-Pantenol<br \/>\nO Shampoo 2 em 1 NABI COSM\u00c9TICOSfoi especialmente desenvolvido para o tratamento p\u00f3s-cauteriza\u00e7\u00e3o e procedimentos qu\u00edmicos. Seus componentes limpam, hidratam e condicionam em um s\u00f3 produto. Possui em sua formula\u00e7\u00e3o, \u00d3leo de Oliva, D-Pantenol e Queratina que proporcionam a redu\u00e7\u00e3o de pontas duplas, melhoram a condi\u00e7\u00e3o dos cabelos danificados e devolvem o brilho natural. No in\u00edcio da lavagem d\u00e1 a impress\u00e3o que deixa os cabelos crespos. N\u00e3o se preocupe! Quando voc\u00ea finaliza com o defrizante, o cabelo torna-se male\u00e1vel e sem perder o brilho.<br \/>\nModo de usar: Aplique nos cabelos molhados, massageando suavemente. Enx\u00e1g\u00fce e repita a aplica\u00e7\u00e3o.<br \/>\nOrienta\u00e7\u00f5es ao Consumidor: Uso externo. Evite o contato com os olhos. Caso ocorra, lave com \u00e1gua em abund\u00e2ncia. Mantenha fora do alcance de crian\u00e7as. Havendo irrita\u00e7\u00e3o, suspenda o uso. Conservar em local fresco ao abrigo de luz solar.<\/p>\n<p><strong>Para quem deseja continuar a ficar mais Bella a cada dia.<\/strong><\/p>\n<p><strong>1\u00b0 &#8211; Shampoo Anti Res\u00edduo 300ml<\/strong><br \/>\n<strong>2\u00b0 &#8211;\u00a0Shampoo 2 em 1 300ml<\/strong><br \/>\n<strong>3\u00b0 &#8211;\u00a0Defrizante 300ml<\/strong><br \/>\n<strong>4\u00b0 &#8211; Hidrata\u00e7\u00e3o Capilar 500g<\/strong><\/p>\n<!--themify_builder_content-->\n<div id=\"themify_builder_content-234\" data-postid=\"234\" class=\"themify_builder_content themify_builder_content-234 themify_builder tf_clear\">\n    <\/div>\n<!--\/themify_builder_content-->\n<!-- AddThis Advanced Settings generic via filter on the_content --><!-- AddThis Share Buttons generic via filter on the_content -->","protected":false},"excerpt":{"rendered":"<p>Para quem deseja continuar a ficar mais Bella a cada dia.<!-- AddThis Advanced Settings generic via filter on get_the_excerpt --><!-- AddThis Share Buttons generic via filter on get_the_excerpt --><\/p>\n","protected":false},"featured_media":262,"comment_status":"open","ping_status":"closed","template":"","meta":[],"product_cat":[38],"product_tag":[],"builder_content":"","_links":{"self":[{"href":"https:\/\/essencialdigital.com\/nabicosmeticos\/index.php\/wp-json\/wp\/v2\/product\/234"}],"collection":[{"href":"https:\/\/essencialdigital.com\/nabicosmeticos\/index.php\/wp-json\/wp\/v2\/product"}],"about":[{"href":"https:\/\/essencialdigital.com\/nabicosmeticos\/index.php\/wp-json\/wp\/v2\/types\/product"}],"replies":[{"embeddable":true,"href":"https:\/\/essencialdigital.com\/nabicosmeticos\/index.php\/wp-json\/wp\/v2\/comments?post=234"}],"wp:featuredmedia":[{"embeddable":true,"href":"https:\/\/essencialdigital.com\/nabicosmeticos\/index.php\/wp-json\/wp\/v2\/media\/262"}],"wp:attachment":[{"href":"https:\/\/essencialdigital.com\/nabicosmeticos\/index.php\/wp-json\/wp\/v2\/media?parent=234"}],"wp:term":[{"taxonomy":"product_cat","embeddable":true,"href":"https:\/\/essencialdigital.com\/nabicosmeticos\/index.php\/wp-json\/wp\/v2\/product_cat?post=234"},{"taxonomy":"product_tag","embeddable":true,"href":"https:\/\/essencialdigital.com\/nabicosmeticos\/index.php\/wp-json\/wp\/v2\/product_tag?post=234"}],"curies":[{"name":"wp","href":"https:\/\/api.w.org\/{rel}","templated":true}]}}