{"id":235,"date":"2022-01-14T08:47:40","date_gmt":"2022-01-14T11:47:40","guid":{"rendered":"https:\/\/essencialdigital.com\/nabicosmeticos\/?post_type=product&#038;p=235"},"modified":"2022-01-14T08:48:18","modified_gmt":"2022-01-14T11:48:18","slug":"b1-shampoo-anti-residuo-300ml","status":"publish","type":"product","link":"https:\/\/essencialdigital.com\/nabicosmeticos\/index.php\/produto\/b1-shampoo-anti-residuo-300ml\/","title":{"rendered":"B1- Shampoo Anti Res\u00edduo 300ml"},"content":{"rendered":"<p><strong>Linha Keratin Manuten\u00e7\u00e3o &#8211; Shampoo Anti Res\u00edduo 300ml<\/strong><\/p>\n<p><strong> Enriquecido com \u00f3leo de oliva pH6,5 <\/strong><\/p>\n<p>Enriquecido com \u00d3leo de Oliva<br \/>\npH 6,5<br \/>\nPASSO 1<br \/>\nO Shampoo Anti Res\u00edduos da Linha Keratin, foi desenvolvido com Tecnologia Italiana. Auxilia na prepara\u00e7\u00e3o dos cabelos para os processos de reestrutura\u00e7\u00e3o, Selagem e queratiniza\u00e7\u00e3o capilar. Proporciona aos cabelos uma limpeza profunda sem agredir o fio, deixando-os prontos para receber a Queratina e os demais<br \/>\ntratamentos desejados. Possui pH balanceado (pH 6,5) e enriquecido com \u00f3leo de oliva, dando suavidade, hidrata\u00e7\u00e3o e maleabilidade aos cabelos.<br \/>\nModo de usar: Siga as instru\u00e7\u00f5es do manual Passo a Passo.<br \/>\nOrienta\u00e7\u00f5es ao Consumidor: Uso externo. Evite o contato com os olhos. Caso isso aconte\u00e7a, enx\u00e1gue com \u00e1gua em abund\u00e2ncia. Mantenha fora do alcance das crian\u00e7as. Havendo irrita\u00e7\u00e3o, suspenda o uso. Conservar em lugar fresco, ao abrigo de luz.<\/p>\n<p><strong>Para quem deseja continuar a ficar mais Bella a cada dia.<\/strong><\/p>\n<p><strong>1\u00b0 &#8211; Shampoo Anti Res\u00edduo 300ml<\/strong><br \/>\n<strong>2\u00b0 &#8211;\u00a0Shampoo 2 em 1 300ml<\/strong><br \/>\n<strong>3\u00b0 &#8211;\u00a0Defrizante 300ml<\/strong><br \/>\n<strong>4\u00b0 &#8211; Hidrata\u00e7\u00e3o Capilar 500g<\/strong><\/p>\n<!--themify_builder_content-->\n<div id=\"themify_builder_content-235\" data-postid=\"235\" class=\"themify_builder_content themify_builder_content-235 themify_builder tf_clear\">\n    <\/div>\n<!--\/themify_builder_content-->\n<!-- AddThis Advanced Settings generic via filter on the_content --><!-- AddThis Share Buttons generic via filter on the_content -->","protected":false},"excerpt":{"rendered":"<p><strong>Linha Keratin Manuten\u00e7\u00e3o &#8211; Shampoo Anti Res\u00edduo 300ml<\/strong><!-- AddThis Advanced Settings generic via filter on get_the_excerpt --><!-- AddThis Share Buttons generic via filter on get_the_excerpt --><\/p>\n","protected":false},"featured_media":263,"comment_status":"open","ping_status":"closed","template":"","meta":[],"product_cat":[38],"product_tag":[],"builder_content":"","_links":{"self":[{"href":"https:\/\/essencialdigital.com\/nabicosmeticos\/index.php\/wp-json\/wp\/v2\/product\/235"}],"collection":[{"href":"https:\/\/essencialdigital.com\/nabicosmeticos\/index.php\/wp-json\/wp\/v2\/product"}],"about":[{"href":"https:\/\/essencialdigital.com\/nabicosmeticos\/index.php\/wp-json\/wp\/v2\/types\/product"}],"replies":[{"embeddable":true,"href":"https:\/\/essencialdigital.com\/nabicosmeticos\/index.php\/wp-json\/wp\/v2\/comments?post=235"}],"wp:featuredmedia":[{"embeddable":true,"href":"https:\/\/essencialdigital.com\/nabicosmeticos\/index.php\/wp-json\/wp\/v2\/media\/263"}],"wp:attachment":[{"href":"https:\/\/essencialdigital.com\/nabicosmeticos\/index.php\/wp-json\/wp\/v2\/media?parent=235"}],"wp:term":[{"taxonomy":"product_cat","embeddable":true,"href":"https:\/\/essencialdigital.com\/nabicosmeticos\/index.php\/wp-json\/wp\/v2\/product_cat?post=235"},{"taxonomy":"product_tag","embeddable":true,"href":"https:\/\/essencialdigital.com\/nabicosmeticos\/index.php\/wp-json\/wp\/v2\/product_tag?post=235"}],"curies":[{"name":"wp","href":"https:\/\/api.w.org\/{rel}","templated":true}]}}