{"id":237,"date":"2022-01-14T08:47:41","date_gmt":"2022-01-14T11:47:41","guid":{"rendered":"https:\/\/essencialdigital.com\/nabicosmeticos\/?post_type=product&#038;p=237"},"modified":"2022-01-14T08:48:21","modified_gmt":"2022-01-14T11:48:21","slug":"realinhamento-amino-nutritivo-1l","status":"publish","type":"product","link":"https:\/\/essencialdigital.com\/nabicosmeticos\/index.php\/produto\/realinhamento-amino-nutritivo-1l\/","title":{"rendered":"Realinhamento Amino Nutritivo 1L"},"content":{"rendered":"<p>Tecnologia exclusiva (mol\u00e9cula inovadora) para realinhamento dos fios rebeldes e volumosos.<br \/>\nBaseada no sinergismo entre as prote\u00ednas e amino\u00e1cidos biocompat\u00edveis com a fibra capilar.<br \/>\nPermite a mudan\u00e7a tempor\u00e1ria da estrutura do cabelo, deixando os fios mais f\u00e1ceis de modelar.<br \/>\nReduz o volume e diminui o frizz, al\u00e9m de proporcionar brilho, movimento e aspecto natural aos cabelos sem danificar sua estrutura.<\/p>\n<p>N\u00e3o cont\u00e9m formol.<\/p>\n<!--themify_builder_content-->\n<div id=\"themify_builder_content-237\" data-postid=\"237\" class=\"themify_builder_content themify_builder_content-237 themify_builder tf_clear\">\n    <\/div>\n<!--\/themify_builder_content-->\n<!-- AddThis Advanced Settings generic via filter on the_content --><!-- AddThis Share Buttons generic via filter on the_content -->","protected":false},"excerpt":{"rendered":"<p>Tecnologia exclusiva (mol\u00e9cula inovadora) para realinhamento dos fios rebeldes e volumosos.<!-- AddThis Advanced Settings generic via filter on get_the_excerpt --><!-- AddThis Share Buttons generic via filter on get_the_excerpt --><\/p>\n","protected":false},"featured_media":265,"comment_status":"open","ping_status":"closed","template":"","meta":[],"product_cat":[37,38],"product_tag":[],"builder_content":"","_links":{"self":[{"href":"https:\/\/essencialdigital.com\/nabicosmeticos\/index.php\/wp-json\/wp\/v2\/product\/237"}],"collection":[{"href":"https:\/\/essencialdigital.com\/nabicosmeticos\/index.php\/wp-json\/wp\/v2\/product"}],"about":[{"href":"https:\/\/essencialdigital.com\/nabicosmeticos\/index.php\/wp-json\/wp\/v2\/types\/product"}],"replies":[{"embeddable":true,"href":"https:\/\/essencialdigital.com\/nabicosmeticos\/index.php\/wp-json\/wp\/v2\/comments?post=237"}],"wp:featuredmedia":[{"embeddable":true,"href":"https:\/\/essencialdigital.com\/nabicosmeticos\/index.php\/wp-json\/wp\/v2\/media\/265"}],"wp:attachment":[{"href":"https:\/\/essencialdigital.com\/nabicosmeticos\/index.php\/wp-json\/wp\/v2\/media?parent=237"}],"wp:term":[{"taxonomy":"product_cat","embeddable":true,"href":"https:\/\/essencialdigital.com\/nabicosmeticos\/index.php\/wp-json\/wp\/v2\/product_cat?post=237"},{"taxonomy":"product_tag","embeddable":true,"href":"https:\/\/essencialdigital.com\/nabicosmeticos\/index.php\/wp-json\/wp\/v2\/product_tag?post=237"}],"curies":[{"name":"wp","href":"https:\/\/api.w.org\/{rel}","templated":true}]}}