{"id":242,"date":"2022-01-14T08:47:43","date_gmt":"2022-01-14T11:47:43","guid":{"rendered":"https:\/\/essencialdigital.com\/nabicosmeticos\/?post_type=product&#038;p=242"},"modified":"2022-01-14T08:49:48","modified_gmt":"2022-01-14T11:49:48","slug":"alcool-em-gel-500ml-com-valvula-nabi","status":"publish","type":"product","link":"https:\/\/essencialdigital.com\/nabicosmeticos\/index.php\/produto\/alcool-em-gel-500ml-com-valvula-nabi\/","title":{"rendered":"\u00c1lcool em Gel 500mL Com V\u00e1lvula Nabi"},"content":{"rendered":"<p><b>HIGIENE E PROTE\u00c7\u00c3O:<\/b><\/p>\n<p>Nossa m\u00e3o \u00e9 o principal vetor de doen\u00e7as contagiosas, sendo necess\u00e1rio t\u00ea-la sempre limpa para evitar doen\u00e7as. O \u00c1lcool em Gel Nabi Cosm\u00e9ticos 500ml \u00e9 uma alternativa pr\u00e1tica, r\u00e1pida e eficaz para limpar e higienizar as m\u00e3os a qualquer hora e lugar, deixando-as livres de bact\u00e9rias.<\/p>\n<!--themify_builder_content-->\n<div id=\"themify_builder_content-242\" data-postid=\"242\" class=\"themify_builder_content themify_builder_content-242 themify_builder tf_clear\">\n    <\/div>\n<!--\/themify_builder_content-->\n<!-- AddThis Advanced Settings generic via filter on the_content --><!-- AddThis Share Buttons generic via filter on the_content -->","protected":false},"excerpt":{"rendered":"<p>O \u00c1lcool em Gel Nabi Cosm\u00e9ticos 500ml \u00e9 uma alternativa pr\u00e1tica, r\u00e1pida e eficaz para limpar e higienizar as m\u00e3os a qualquer hora e lugar<!-- AddThis Advanced Settings generic via filter on get_the_excerpt --><!-- AddThis Share Buttons generic via filter on get_the_excerpt --><\/p>\n","protected":false},"featured_media":273,"comment_status":"closed","ping_status":"closed","template":"","meta":[],"product_cat":[21,42],"product_tag":[43,44,45,46,47,48,49],"builder_content":"","_links":{"self":[{"href":"https:\/\/essencialdigital.com\/nabicosmeticos\/index.php\/wp-json\/wp\/v2\/product\/242"}],"collection":[{"href":"https:\/\/essencialdigital.com\/nabicosmeticos\/index.php\/wp-json\/wp\/v2\/product"}],"about":[{"href":"https:\/\/essencialdigital.com\/nabicosmeticos\/index.php\/wp-json\/wp\/v2\/types\/product"}],"replies":[{"embeddable":true,"href":"https:\/\/essencialdigital.com\/nabicosmeticos\/index.php\/wp-json\/wp\/v2\/comments?post=242"}],"wp:featuredmedia":[{"embeddable":true,"href":"https:\/\/essencialdigital.com\/nabicosmeticos\/index.php\/wp-json\/wp\/v2\/media\/273"}],"wp:attachment":[{"href":"https:\/\/essencialdigital.com\/nabicosmeticos\/index.php\/wp-json\/wp\/v2\/media?parent=242"}],"wp:term":[{"taxonomy":"product_cat","embeddable":true,"href":"https:\/\/essencialdigital.com\/nabicosmeticos\/index.php\/wp-json\/wp\/v2\/product_cat?post=242"},{"taxonomy":"product_tag","embeddable":true,"href":"https:\/\/essencialdigital.com\/nabicosmeticos\/index.php\/wp-json\/wp\/v2\/product_tag?post=242"}],"curies":[{"name":"wp","href":"https:\/\/api.w.org\/{rel}","templated":true}]}}